{"id":40,"date":"2026-05-04T11:45:18","date_gmt":"2026-05-04T11:45:18","guid":{"rendered":"https:\/\/cerroburro.com\/?page_id=40"},"modified":"2026-05-04T14:34:47","modified_gmt":"2026-05-04T14:34:47","slug":"contacto","status":"publish","type":"page","link":"https:\/\/cerroburro.com\/en\/contacto\/","title":{"rendered":"Contact"},"content":{"rendered":"\t\t<div data-elementor-type=\"wp-page\" data-elementor-id=\"40\" class=\"elementor elementor-40\" data-elementor-post-type=\"page\">\n\t\t\t\t\t\t<section class=\"elementor-section elementor-top-section elementor-element elementor-element-37a1fba elementor-section-full_width elementor-section-height-default elementor-section-height-default\" data-id=\"37a1fba\" data-element_type=\"section\" data-e-type=\"section\">\n\t\t\t\t\t\t<div class=\"elementor-container elementor-column-gap-default\">\n\t\t\t\t\t<div class=\"elementor-column elementor-col-100 elementor-top-column elementor-element elementor-element-40e195c\" data-id=\"40e195c\" data-element_type=\"column\" data-e-type=\"column\">\n\t\t\t<div class=\"elementor-widget-wrap elementor-element-populated\">\n\t\t\t\t\t\t<div class=\"elementor-element elementor-element-4fa0397 elementor-widget elementor-widget-html\" data-id=\"4fa0397\" data-element_type=\"widget\" data-e-type=\"widget\" data-widget_type=\"html.default\">\n\t\t\t\t<div class=\"elementor-widget-container\">\n\t\t\t\t\t<!doctype html>\r\n<html lang=\"es\">\r\n<head>\r\n<meta charset=\"utf-8\" \/>\r\n<meta name=\"viewport\" content=\"width=device-width, initial-scale=1\" \/>\r\n<title>Contacto \u2014 Cerro Burro<\/title>\r\n<link rel=\"preconnect\" href=\"https:\/\/fonts.googleapis.com\">\r\n<link rel=\"preconnect\" href=\"https:\/\/fonts.gstatic.com\" crossorigin>\r\n<link href=\"https:\/\/fonts.googleapis.com\/css2?family=Fraunces:ital,opsz,wght@0,9..144,300;0,9..144,400;0,9..144,500;1,9..144,400&family=Inter+Tight:wght@300;400;500;600&family=JetBrains+Mono:wght@400;500&display=swap\" rel=\"stylesheet\">\r\n<style>\r\n    :root {\r\n        --color-fondo: #f9f7f2;\r\n        --color-texto: #1a1c19;\r\n        --color-muted: #626a5f;\r\n        --color-accent: #3a4d39;\r\n        --color-gold: #c5a368;\r\n        --color-border: rgba(26, 28, 25, 0.1);\r\n        \r\n        --font-serif: 'Fraunces', serif;\r\n        --font-sans: 'Inter Tight', sans-serif;\r\n        --font-mono: 'JetBrains Mono', monospace;\r\n        \r\n        --wrap-width: 1200px;\r\n        --transition: all 0.4s cubic-bezier(0.16, 1, 0.3, 1);\r\n    }\r\n\r\n    * { margin: 0; padding: 0; box-sizing: border-box; }\r\n\r\n    body {\r\n        font-family: var(--font-sans);\r\n        background-color: var(--color-fondo);\r\n        color: var(--color-texto);\r\n        line-height: 1.6;\r\n        -webkit-font-smoothing: antialiased;\r\n    }\r\n\r\n    .wrap {\r\n        max-width: var(--wrap-width);\r\n        margin: 0 auto;\r\n        padding: 0 40px;\r\n    }\r\n\r\n    \/* --- HEADER --- *\/\r\n    .site-header {\r\n        padding: 32px 0;\r\n        border-bottom: 1px solid var(--color-border);\r\n        position: sticky;\r\n        top: 0;\r\n        background: rgba(249, 247, 242, 0.95);\r\n        backdrop-filter: blur(10px);\r\n        z-index: 1000;\r\n    }\r\n\r\n    .row { display: flex; align-items: center; justify-content: space-between; }\r\n\r\n    .brand {\r\n        text-decoration: none;\r\n        color: var(--color-texto);\r\n        display: flex;\r\n        flex-direction: column;\r\n    }\r\n\r\n    .brand span:first-child {\r\n        font-family: var(--font-serif);\r\n        font-size: 24px;\r\n        font-weight: 500;\r\n        letter-spacing: -0.02em;\r\n    }\r\n\r\n    .brand .mark {\r\n        font-family: var(--font-mono);\r\n        font-size: 10px;\r\n        text-transform: uppercase;\r\n        letter-spacing: 0.1em;\r\n        color: var(--color-muted);\r\n        margin-top: -4px;\r\n    }\r\n\r\n    nav.primary a {\r\n        text-decoration: none;\r\n        color: var(--color-muted);\r\n        font-size: 15px;\r\n        font-weight: 500;\r\n        margin-left: 32px;\r\n        transition: var(--transition);\r\n        position: relative;\r\n    }\r\n\r\n    nav.primary a:hover, nav.primary a.active {\r\n        color: var(--color-accent);\r\n    }\r\n\r\n    nav.primary a.active::after {\r\n        content: \"\";\r\n        position: absolute;\r\n        bottom: -33px;\r\n        left: 0;\r\n        width: 100%;\r\n        height: 2px;\r\n        background: var(--color-accent);\r\n    }\r\n\r\n    \/* --- CONTACT SECTION --- *\/\r\n    .contact-hero { padding: 100px 0 60px; }\r\n    .contact-hero h1 { font-family: var(--font-serif); font-size: 64px; font-weight: 400; letter-spacing: -0.03em; line-height: 1; }\r\n    .contact-hero .accent { font-style: italic; color: var(--color-gold); }\r\n\r\n    .contact-grid {\r\n        display: grid;\r\n        grid-template-columns: 1fr 1.5fr;\r\n        gap: 100px;\r\n        padding-bottom: 120px;\r\n    }\r\n\r\n    .contact-info h3 { font-family: var(--font-serif); font-size: 28px; margin-bottom: 40px; font-weight: 400; }\r\n    \r\n    .info-item { margin-bottom: 40px; }\r\n    .info-item .label { font-family: var(--font-mono); font-size: 11px; text-transform: uppercase; color: var(--color-gold); display: block; margin-bottom: 12px; }\r\n    .info-item p, .info-item a { font-size: 18px; color: var(--color-texto); text-decoration: none; }\r\n    .info-item a:hover { color: var(--color-accent); }\r\n\r\n    \/* --- FORM STYLES --- *\/\r\n    .form-container {\r\n        background: #fff;\r\n        padding: 60px;\r\n        border-radius: 4px;\r\n        box-shadow: 0 20px 40px rgba(0,0,0,0.02);\r\n        border: 1px solid var(--color-border);\r\n    }\r\n\r\n    .field-group { margin-bottom: 32px; }\r\n    .field-group label {\r\n        display: block;\r\n        font-family: var(--font-mono);\r\n        font-size: 10px;\r\n        text-transform: uppercase;\r\n        margin-bottom: 10px;\r\n        color: var(--color-muted);\r\n    }\r\n\r\n    input[type=\"text\"],\r\n    input[type=\"email\"],\r\n    select,\r\n    textarea {\r\n        width: 100%;\r\n        padding: 16px 0;\r\n        background: transparent;\r\n        border: none;\r\n        border-bottom: 1px solid var(--color-border);\r\n        font-family: var(--font-sans);\r\n        font-size: 16px;\r\n        color: var(--color-texto);\r\n        transition: var(--transition);\r\n        outline: none;\r\n    }\r\n\r\n    input:focus, textarea:focus {\r\n        border-bottom-color: var(--color-accent);\r\n    }\r\n\r\n    textarea { height: 120px; resize: none; }\r\n\r\n    .btn-submit {\r\n        background: var(--color-accent);\r\n        color: #fff;\r\n        border: none;\r\n        padding: 18px 40px;\r\n        font-family: var(--font-sans);\r\n        font-weight: 600;\r\n        font-size: 14px;\r\n        border-radius: 100px;\r\n        cursor: pointer;\r\n        transition: var(--transition);\r\n        display: inline-flex;\r\n        align-items: center;\r\n        gap: 12px;\r\n    }\r\n\r\n    .btn-submit:hover {\r\n        background: var(--color-texto);\r\n        transform: translateY(-2px);\r\n    }\r\n\r\n    .btn-submit .arrow { font-size: 18px; }\r\n\r\n    \/* --- FOOTER --- *\/\r\n    .site-footer { padding: 100px 0 40px; background: #111410; color: #fff; }\r\n    .footer-grid { display: grid; grid-template-columns: 2fr 1fr 1fr 1fr; gap: 60px; margin-bottom: 80px; }\r\n    .footer-grid h5 { font-family: var(--font-mono); font-size: 11px; text-transform: uppercase; color: var(--color-gold); margin-bottom: 32px; }\r\n    .footer-grid ul { list-style: none; }\r\n    .footer-grid ul li { margin-bottom: 12px; }\r\n    .footer-grid ul a { color: rgba(255,255,255,0.6); text-decoration: none; transition: var(--transition); }\r\n    .footer-grid ul a:hover { color: #fff; }\r\n\r\n    .footer-bottom {\r\n        border-top: 1px solid rgba(255,255,255,0.1);\r\n        padding-top: 40px;\r\n        display: flex;\r\n        justify-content: space-between;\r\n        font-family: var(--font-mono);\r\n        font-size: 10px;\r\n        text-transform: uppercase;\r\n        color: rgba(255,255,255,0.4);\r\n    }\r\n\r\n    @media (max-width: 900px) {\r\n        .contact-grid { grid-template-columns: 1fr; gap: 60px; }\r\n        .form-container { padding: 30px; }\r\n        .contact-hero h1 { font-size: 44px; }\r\n        .footer-grid { grid-template-columns: 1fr; gap: 40px; }\r\n        .row { flex-direction: column; align-items: flex-start; gap: 24px; }\r\n        nav.primary { margin-left: 0; display: flex; flex-wrap: wrap; gap: 16px; }\r\n        nav.primary a { margin-left: 0; }\r\n    }\r\n<\/style>\r\n<\/head>\r\n<body>\r\n\r\n<main>\r\n  <div class=\"wrap\">\r\n    <section class=\"contact-hero\">\r\n      <span class=\"info-item\"><span class=\"label\">\u2014 Hablemos<\/span><\/span>\r\n      <h1>Estamos a su <span class=\"accent\">disposici\u00f3n.<\/span><\/h1>\r\n    <\/section>\r\n\r\n    <section class=\"contact-grid\">\r\n      <div class=\"contact-info\">\r\n        <h3>Canales de comunicaci\u00f3n<\/h3>\r\n        \r\n        <div class=\"info-item\">\r\n          <span class=\"label\">Consultas generales<\/span>\r\n          <a href=\"mailto:info@cerroburro.com\">info@cerroburro.com<\/a>\r\n        <\/div>\r\n\r\n        <div class=\"info-item\">\r\n          <span class=\"label\">Ubicaci\u00f3n<\/span>\r\n          <p>Castilla-La Mancha<br>Espa\u00f1a<\/p>\r\n        <\/div>\r\n\r\n        <div class=\"info-item\">\r\n          <span class=\"label\">Horario comercial<\/span>\r\n          <p>Lunes a Viernes<br>09:00 \u2014 18:00<\/p>\r\n        <\/div>\r\n      <\/div>\r\n\r\n      <div class=\"form-container\">\r\n        <form action=\"#\" method=\"post\">\r\n          <div class=\"field-group\">\r\n            <label for=\"nombre\">Nombre completo<\/label>\r\n            <input type=\"text\" id=\"nombre\" name=\"nombre\" placeholder=\"Escriba aqu\u00ed...\" required>\r\n          <\/div>\r\n\r\n          <div class=\"field-group\">\r\n            <label for=\"email\">Email de contacto<\/label>\r\n            <input type=\"email\" id=\"email\" name=\"email\" placeholder=\"ejemplo@correo.com\" required>\r\n          <\/div>\r\n\r\n          <div class=\"field-group\">\r\n            <label for=\"asunto\">Motivo de consulta<\/label>\r\n            <select id=\"asunto\" name=\"asunto\">\r\n              <option value=\"oferta\">Quiero vender producto<\/option>\r\n              <option value=\"demanda\">Quiero comprar producto<\/option>\r\n              <option value=\"servicios\">Informaci\u00f3n sobre servicios<\/option>\r\n              <option value=\"otros\">Otros asuntos<\/option>\r\n            <\/select>\r\n          <\/div>\r\n\r\n          <div class=\"field-group\">\r\n            <label for=\"mensaje\">Mensaje<\/label>\r\n            <textarea id=\"mensaje\" name=\"mensaje\" placeholder=\"Detalle brevemente su necesidad o propuesta...\"><\/textarea>\r\n          <\/div>\r\n\r\n          <button type=\"submit\" class=\"btn-submit\">\r\n            Enviar consulta <span class=\"arrow\">\u2192<\/span>\r\n          <\/button>\r\n        <\/form>\r\n      <\/div>\r\n    <\/section>\r\n  <\/div>\r\n<\/main>\r\n\r\n<\/body>\r\n<\/html>\t\t\t\t<\/div>\n\t\t\t\t<\/div>\n\t\t\t\t\t<\/div>\n\t\t<\/div>\n\t\t\t\t\t<\/div>\n\t\t<\/section>\n\t\t\t\t<\/div>\n\t\t","protected":false},"excerpt":{"rendered":"<p>Contacto \u2014 Cerro Burro \u2014 Hablemos Estamos a su disposici\u00f3n. Canales de comunicaci\u00f3n Consultas generales info@cerroburro.com Ubicaci\u00f3n Castilla-La ManchaEspa\u00f1a Horario comercial Lunes a Viernes09:00 \u2014 18:00 Nombre completo Email de contacto Motivo de consulta Quiero vender productoQuiero comprar productoInformaci\u00f3n sobre serviciosOtros asuntos Mensaje Enviar consulta \u2192<\/p>","protected":false},"author":1,"featured_media":0,"parent":0,"menu_order":0,"comment_status":"closed","ping_status":"closed","template":"elementor_header_footer","meta":{"footnotes":""},"class_list":["post-40","page","type-page","status-publish","hentry"],"_links":{"self":[{"href":"https:\/\/cerroburro.com\/en\/wp-json\/wp\/v2\/pages\/40","targetHints":{"allow":["GET"]}}],"collection":[{"href":"https:\/\/cerroburro.com\/en\/wp-json\/wp\/v2\/pages"}],"about":[{"href":"https:\/\/cerroburro.com\/en\/wp-json\/wp\/v2\/types\/page"}],"author":[{"embeddable":true,"href":"https:\/\/cerroburro.com\/en\/wp-json\/wp\/v2\/users\/1"}],"replies":[{"embeddable":true,"href":"https:\/\/cerroburro.com\/en\/wp-json\/wp\/v2\/comments?post=40"}],"version-history":[{"count":7,"href":"https:\/\/cerroburro.com\/en\/wp-json\/wp\/v2\/pages\/40\/revisions"}],"predecessor-version":[{"id":135,"href":"https:\/\/cerroburro.com\/en\/wp-json\/wp\/v2\/pages\/40\/revisions\/135"}],"wp:attachment":[{"href":"https:\/\/cerroburro.com\/en\/wp-json\/wp\/v2\/media?parent=40"}],"curies":[{"name":"wp","href":"https:\/\/api.w.org\/{rel}","templated":true}]}}